{"id":2,"date":"2021-09-21T09:36:55","date_gmt":"2021-09-21T07:36:55","guid":{"rendered":"https:\/\/auberge-desvoyageurs54.fr\/?page_id=2"},"modified":"2025-12-15T15:39:06","modified_gmt":"2025-12-15T14:39:06","slug":"page-d-exemple","status":"publish","type":"page","link":"https:\/\/auberge-desvoyageurs54.fr\/en\/","title":{"rendered":"L&#8217;Auberge des Voyageurs"},"content":{"rendered":"\n<div class=\"wp-block-getwid-section is-style-default alignfull alignfull getwid-margin-top-none getwid-margin-bottom-none getwid-section-content-full-width\"><div class=\"wp-block-getwid-section__wrapper getwid-padding-top-large getwid-padding-bottom-normal getwid-padding-left-normal getwid-padding-right-large getwid-margin-left-none getwid-margin-right-none\"><div class=\"wp-block-getwid-section__inner-wrapper\"><div class=\"wp-block-getwid-section__background-holder\"><div class=\"wp-block-getwid-section__background\"><div class=\"wp-block-getwid-section__background-slider-wrapper\"><div class=\"wp-block-getwid-section__background-slider\" data-autoplay=\"true\" data-autoplay-speed=\"5000\" data-slide-speed=\"1000\" data-infinite=\"true\"><div class=\"wp-block-getwid-section__background-slider-item\"><img loading=\"lazy\" decoding=\"async\" width=\"1280\" height=\"720\" src=\"https:\/\/auberge-desvoyageurs54.fr\/wp-content\/uploads\/2021\/09\/Restaurant-auberge-des-voyageurs-vandieres-vue-densemble.jpg\" class=\"wp-image-1426\" alt=\"Le restaurant de l'auberge des voyageurs \u00e0 Vandieres vous accueille pour un repas fait-maison entre metz et nancy\" data-id=\"1426\" srcset=\"https:\/\/auberge-desvoyageurs54.fr\/wp-content\/uploads\/2021\/09\/Restaurant-auberge-des-voyageurs-vandieres-vue-densemble.jpg 1280w, https:\/\/auberge-desvoyageurs54.fr\/wp-content\/uploads\/2021\/09\/Restaurant-auberge-des-voyageurs-vandieres-vue-densemble-300x169.jpg 300w, https:\/\/auberge-desvoyageurs54.fr\/wp-content\/uploads\/2021\/09\/Restaurant-auberge-des-voyageurs-vandieres-vue-densemble-1024x576.jpg 1024w, https:\/\/auberge-desvoyageurs54.fr\/wp-content\/uploads\/2021\/09\/Restaurant-auberge-des-voyageurs-vandieres-vue-densemble-768x432.jpg 768w\" sizes=\"auto, (max-width: 1280px) 100vw, 1280px\" \/><\/div><div class=\"wp-block-getwid-section__background-slider-item\"><img loading=\"lazy\" decoding=\"async\" width=\"1024\" height=\"576\" src=\"https:\/\/auberge-desvoyageurs54.fr\/wp-content\/uploads\/2021\/09\/hotel-vandieres-pont-a-mousson-chambre-confortable-et-au-calme-1.jpg\" class=\"wp-image-1424\" alt=\"\" data-id=\"1424\" srcset=\"https:\/\/auberge-desvoyageurs54.fr\/wp-content\/uploads\/2021\/09\/hotel-vandieres-pont-a-mousson-chambre-confortable-et-au-calme-1.jpg 1024w, https:\/\/auberge-desvoyageurs54.fr\/wp-content\/uploads\/2021\/09\/hotel-vandieres-pont-a-mousson-chambre-confortable-et-au-calme-1-300x169.jpg 300w, https:\/\/auberge-desvoyageurs54.fr\/wp-content\/uploads\/2021\/09\/hotel-vandieres-pont-a-mousson-chambre-confortable-et-au-calme-1-768x432.jpg 768w\" sizes=\"auto, (max-width: 1024px) 100vw, 1024px\" \/><\/div><div class=\"wp-block-getwid-section__background-slider-item\"><img loading=\"lazy\" decoding=\"async\" width=\"1536\" height=\"2048\" src=\"https:\/\/auberge-desvoyageurs54.fr\/wp-content\/uploads\/2021\/09\/Auberge-des-voyageurs-en-lorraine-hotel-restaurant-pizzeria-exterieur.jpg\" class=\"wp-image-1557\" alt=\"\" data-id=\"1557\" srcset=\"https:\/\/auberge-desvoyageurs54.fr\/wp-content\/uploads\/2021\/09\/Auberge-des-voyageurs-en-lorraine-hotel-restaurant-pizzeria-exterieur.jpg 1536w, https:\/\/auberge-desvoyageurs54.fr\/wp-content\/uploads\/2021\/09\/Auberge-des-voyageurs-en-lorraine-hotel-restaurant-pizzeria-exterieur-225x300.jpg 225w, https:\/\/auberge-desvoyageurs54.fr\/wp-content\/uploads\/2021\/09\/Auberge-des-voyageurs-en-lorraine-hotel-restaurant-pizzeria-exterieur-768x1024.jpg 768w, https:\/\/auberge-desvoyageurs54.fr\/wp-content\/uploads\/2021\/09\/Auberge-des-voyageurs-en-lorraine-hotel-restaurant-pizzeria-exterieur-1152x1536.jpg 1152w, https:\/\/auberge-desvoyageurs54.fr\/wp-content\/uploads\/2021\/09\/Auberge-des-voyageurs-en-lorraine-hotel-restaurant-pizzeria-exterieur-892x1189.jpg 892w, https:\/\/auberge-desvoyageurs54.fr\/wp-content\/uploads\/2021\/09\/Auberge-des-voyageurs-en-lorraine-hotel-restaurant-pizzeria-exterieur-1350x1800.jpg 1350w\" sizes=\"auto, (max-width: 1536px) 100vw, 1536px\" \/><\/div><\/div><\/div><\/div><div class=\"wp-block-getwid-section__foreground\" style=\"opacity:0.51;background-color:#4a2f27;mix-blend-mode:normal\"><\/div><\/div><div class=\"wp-block-getwid-section__content\"><div class=\"wp-block-getwid-section__inner-content\">\n<h1 class=\"wp-block-heading has-white-color has-text-color\">L&#8217;Auberge des Voyageurs<\/h1>\n\n\n\n<p class=\"has-white-color has-text-color\">An elegant and welcoming hotel-restaurant between Metz and Nancy.<\/p>\n\n\n\n<div class=\"wp-block-buttons is-horizontal is-content-justification-center is-layout-flex wp-container-core-buttons-is-layout-499968f5 wp-block-buttons-is-layout-flex\">\n<div class=\"wp-block-button\"><a class=\"wp-block-button__link wp-element-button\" href=\"https:\/\/auberge-desvoyageurs54.fr\/lhotel\/\">Our rooms<\/a><\/div>\n\n\n\n<div class=\"wp-block-button\"><a class=\"wp-block-button__link wp-element-button\" href=\"https:\/\/auberge-desvoyageurs54.fr\/le-restaurant\/\">Restaurant<\/a><\/div>\n<\/div>\n<\/div><\/div><\/div><\/div><\/div>\n\n\n\n\n\n<div class=\"wp-block-getwid-section\"><div class=\"wp-block-getwid-section__wrapper getwid-padding-top-normal\"><div class=\"wp-block-getwid-section__inner-wrapper\"><div class=\"wp-block-getwid-section__background-holder\"><div class=\"wp-block-getwid-section__background\"><\/div><div class=\"wp-block-getwid-section__foreground\"><\/div><\/div><div class=\"wp-block-getwid-section__content\"><div class=\"wp-block-getwid-section__inner-content\">\n<h2 class=\"wp-block-heading\">Discover our Logis hotel-restaurant in the center of Lorraine <\/h2>\n\n\n\n<p>With its 3 fireplaces and 2 casseroles, our establishment invites you to relax \u2026 enjoy your stay!<\/p>\n<\/div><\/div><\/div><\/div><\/div>\n\n\n\n<div class=\"wp-block-getwid-section alignfull alignfull getwid-section-content-custom-width\"><div class=\"wp-block-getwid-section__wrapper\"><div class=\"wp-block-getwid-section__inner-wrapper\" style=\"max-width:1140px\"><div class=\"wp-block-getwid-section__background-holder\"><div class=\"wp-block-getwid-section__background\"><\/div><div class=\"wp-block-getwid-section__foreground\"><\/div><\/div><div class=\"wp-block-getwid-section__content\"><div class=\"wp-block-getwid-section__inner-content\">\n<div class=\"wp-block-columns has-2-columns is-layout-flex wp-container-core-columns-is-layout-9d6595d7 wp-block-columns-is-layout-flex\">\n<div class=\"wp-block-column is-layout-flow wp-block-column-is-layout-flow\">\n<div class=\"wp-block-getwid-section\"><div class=\"wp-block-getwid-section__wrapper getwid-padding-top-none getwid-padding-bottom-none getwid-padding-left-none getwid-padding-right-small\"><div class=\"wp-block-getwid-section__inner-wrapper\"><div class=\"wp-block-getwid-section__background-holder\"><div class=\"wp-block-getwid-section__background has-background\" style=\"background-color:#fafafa\"><\/div><div class=\"wp-block-getwid-section__foreground\"><\/div><\/div><div class=\"wp-block-getwid-section__content\"><div class=\"wp-block-getwid-section__inner-content\">\n<div class=\"wp-block-getwid-banner is-style-default has-animation-style4\"><a href=\"https:\/\/auberge-desvoyageurs54.fr\/lhotel\/\" class=\"wp-block-getwid-banner__link\"><div class=\"wp-block-getwid-banner__wrapper\"><img loading=\"lazy\" decoding=\"async\" width=\"1024\" height=\"576\" src=\"https:\/\/auberge-desvoyageurs54.fr\/wp-content\/uploads\/2021\/09\/hotel-vandieres-pont-a-mousson-chambre-confortable-et-au-calme-1.jpg\" alt=\"\" class=\"wp-block-getwid-banner__image wp-block-getwid-banner__source wp-image-1424\" srcset=\"https:\/\/auberge-desvoyageurs54.fr\/wp-content\/uploads\/2021\/09\/hotel-vandieres-pont-a-mousson-chambre-confortable-et-au-calme-1.jpg 1024w, https:\/\/auberge-desvoyageurs54.fr\/wp-content\/uploads\/2021\/09\/hotel-vandieres-pont-a-mousson-chambre-confortable-et-au-calme-1-300x169.jpg 300w, https:\/\/auberge-desvoyageurs54.fr\/wp-content\/uploads\/2021\/09\/hotel-vandieres-pont-a-mousson-chambre-confortable-et-au-calme-1-768x432.jpg 768w\" sizes=\"auto, (max-width: 1024px) 100vw, 1024px\" \/><div class=\"wp-block-getwid-banner__caption\"><div class=\"wp-block-getwid-banner__caption-wrapper\"><span class=\"wp-block-getwid-banner__title\">Hotel<\/span><p class=\"wp-block-getwid-banner__text\">Recently renovated, our rooms offer you a cozy and comfortable environment and top-of-the-range bedding.<br><br><img loading=\"lazy\" decoding=\"async\" width=\"100\" height=\"32\" class=\"wp-image-1717\" style=\"width: 100px;\" src=\"https:\/\/auberge-desvoyageurs54.fr\/wp-content\/uploads\/2021\/10\/COSY.webp\" alt=\"\"><\/p><\/div><\/div><\/div><\/a><\/div>\n<\/div><\/div><\/div><\/div><\/div>\n<\/div>\n\n\n\n<div class=\"wp-block-column is-layout-flow wp-block-column-is-layout-flow\">\n<div class=\"wp-block-getwid-section\"><div class=\"wp-block-getwid-section__wrapper getwid-padding-top-none getwid-padding-bottom-none getwid-padding-left-none getwid-padding-right-small\"><div class=\"wp-block-getwid-section__inner-wrapper\"><div class=\"wp-block-getwid-section__background-holder\"><div class=\"wp-block-getwid-section__background has-background\" style=\"background-color:#fafafa\"><\/div><div class=\"wp-block-getwid-section__foreground\"><\/div><\/div><div class=\"wp-block-getwid-section__content\"><div class=\"wp-block-getwid-section__inner-content\">\n<div class=\"wp-block-getwid-banner has-animation-style4\"><a href=\"https:\/\/auberge-desvoyageurs54.fr\/le-restaurant\/\" class=\"wp-block-getwid-banner__link\"><div class=\"wp-block-getwid-banner__wrapper\"><img loading=\"lazy\" decoding=\"async\" width=\"1000\" height=\"666\" src=\"https:\/\/auberge-desvoyageurs54.fr\/wp-content\/uploads\/2021\/09\/hotel-restaurant-entre-metz-et-nancy-vandieres.jpg\" alt=\"\" class=\"wp-block-getwid-banner__image wp-block-getwid-banner__source wp-image-1468\" srcset=\"https:\/\/auberge-desvoyageurs54.fr\/wp-content\/uploads\/2021\/09\/hotel-restaurant-entre-metz-et-nancy-vandieres.jpg 1000w, https:\/\/auberge-desvoyageurs54.fr\/wp-content\/uploads\/2021\/09\/hotel-restaurant-entre-metz-et-nancy-vandieres-300x200.jpg 300w, https:\/\/auberge-desvoyageurs54.fr\/wp-content\/uploads\/2021\/09\/hotel-restaurant-entre-metz-et-nancy-vandieres-768x511.jpg 768w, https:\/\/auberge-desvoyageurs54.fr\/wp-content\/uploads\/2021\/09\/hotel-restaurant-entre-metz-et-nancy-vandieres-892x594.jpg 892w\" sizes=\"auto, (max-width: 1000px) 100vw, 1000px\" \/><div class=\"wp-block-getwid-banner__caption\"><div class=\"wp-block-getwid-banner__caption-wrapper\"><span class=\"wp-block-getwid-banner__title\">Restaurant<\/span><p class=\"wp-block-getwid-banner__text\">Local and seasonal products for irresistible local cooking.<br><br><img loading=\"lazy\" decoding=\"async\" width=\"100\" height=\"32\" class=\"wp-image-1718\" style=\"width: 100px;\" src=\"https:\/\/auberge-desvoyageurs54.fr\/wp-content\/uploads\/2021\/10\/TERROIR.webp\" alt=\"\"><\/p><\/div><\/div><\/div><\/a><\/div>\n<\/div><\/div><\/div><\/div><\/div>\n<\/div>\n<\/div>\n<\/div><\/div><\/div><\/div><\/div>\n\n\n\n<div class=\"wp-block-buttons is-content-justification-center is-layout-flex wp-container-core-buttons-is-layout-16018d1d wp-block-buttons-is-layout-flex\">\n<div class=\"wp-block-button\"><a class=\"wp-block-button__link wp-element-button\" href=\"https:\/\/secure.reservit.com\/engine\/booking\/233\/254400\/dates?specialMode=default&#038;langcode=EN&#038;m=booking\" target=\"_blank\" rel=\"noreferrer noopener\">Book your room !<\/a><\/div>\n<\/div>\n\n\n\n<div class=\"wp-block-getwid-section is-style-default alignfull alignfull getwid-section-content-full-width\"><div class=\"wp-block-getwid-section__wrapper getwid-padding-top-medium getwid-padding-bottom-medium getwid-padding-left-large getwid-padding-right-large getwid-padding-tablet-top-small getwid-padding-tablet-bottom-small getwid-padding-tablet-left-small getwid-padding-tablet-right-small getwid-padding-mobile-top-small getwid-padding-mobile-bottom-small getwid-padding-mobile-left-small getwid-padding-mobile-right-small\"><div class=\"wp-block-getwid-section__inner-wrapper\"><div class=\"wp-block-getwid-section__background-holder\"><div class=\"wp-block-getwid-section__background has-background\" style=\"background-color:#b9922f\"><\/div><div class=\"wp-block-getwid-section__foreground\"><\/div><\/div><div class=\"wp-block-getwid-section__content\"><div class=\"wp-block-getwid-section__inner-content\">\n<div class=\"wp-block-group has-white-color has-text-color\"><div class=\"wp-block-group__inner-container is-layout-flow wp-block-group-is-layout-flow\">\n<h2 class=\"wp-block-heading has-white-color has-text-color\">Between Metz and Nancy, come and enjoy break in a welcoming hotel-restaurant in the heart of the village of Vandi\u00e8res.<\/h2>\n\n\n\n<p>The Auberge des Voyageurs welcomes you all year round in the heart of the Moselle valley, a stone&#8217;s throw from the Lorraine Regional Natural Park.<\/p>\n\n\n\n<p>At the crossroads, our hotel-restaurant provides a restful and comfortable stopover for hikers and cyclists who travel through our beautiful region. <\/p>\n\n\n\n<div class=\"wp-block-getwid-icon-box has-icon-left has-text-left\"><div class=\"wp-block-getwid-icon-box__icon-container is-position-middle\"><div class=\"wp-block-getwid-icon-box__icon-wrapper\"><i class=\"fas fa-map-signs\"><\/i><\/div><\/div><div class=\"wp-block-getwid-icon-box__content\">\n<p>On the way to Saint-Jacques de Compostelle<\/p>\n\n\n\n<p>Less than 5 minutes from the Blue Escape (V\u00e9loroute Charles le T\u00e9m\u00e9raire) which follows the towpaths along the Moselle<\/p>\n\n\n\n<p>10 km of the Moselle Wine Route<\/p>\n<\/div><\/div>\n<\/div><\/div>\n<\/div><\/div><\/div><\/div><\/div>\n\n\n\n<div class=\"wp-block-getwid-section alignfull alignfull\"><div class=\"wp-block-getwid-section__wrapper\"><div class=\"wp-block-getwid-section__inner-wrapper\"><div class=\"wp-block-getwid-section__background-holder\"><div class=\"wp-block-getwid-section__background\"><\/div><div class=\"wp-block-getwid-section__foreground\"><\/div><\/div><div class=\"wp-block-getwid-section__content\"><div class=\"wp-block-getwid-section__inner-content\">\n<div class=\"wp-block-columns is-layout-flex wp-container-core-columns-is-layout-9d6595d7 wp-block-columns-is-layout-flex\">\n<div class=\"wp-block-column is-layout-flow wp-block-column-is-layout-flow\">\n<div class=\"wp-block-getwid-icon-box getwid-animation has-text-center\" data-animation=\"zoomBig\"><div style=\"margin-left:auto;margin-right:auto\" class=\"wp-block-getwid-icon-box__icon-container has-layout-framed is-position-top\"><div class=\"wp-block-getwid-icon-box__icon-wrapper has-text-color\" style=\"color:#b9922f\"><i class=\"fas fa-bicycle\"><\/i><\/div><\/div><div class=\"wp-block-getwid-icon-box__content\">\n<h3 class=\"wp-block-heading\">Bicycle room<\/h3>\n\n\n\n<p>Discover our secure bike shelter<\/p>\n<\/div><\/div>\n<\/div>\n\n\n\n<div class=\"wp-block-column is-layout-flow wp-block-column-is-layout-flow\">\n<div class=\"wp-block-getwid-icon-box has-text-center\"><div class=\"wp-block-getwid-icon-box__icon-container has-layout-framed is-position-top\"><div class=\"wp-block-getwid-icon-box__icon-wrapper has-text-color\" style=\"color:#b9922f\"><i class=\"fas fa-shoe-prints\"><\/i><\/div><\/div><div class=\"wp-block-getwid-icon-box__content\">\n<h3 class=\"wp-block-heading\">Hiking step<\/h3>\n\n\n\n<p>Recharge your batteries<\/p>\n<\/div><\/div>\n<\/div>\n\n\n\n<div class=\"wp-block-column is-layout-flow wp-block-column-is-layout-flow\">\n<div class=\"wp-block-getwid-icon-box has-text-center\"><div class=\"wp-block-getwid-icon-box__icon-container has-layout-framed is-position-top\"><div class=\"wp-block-getwid-icon-box__icon-wrapper has-text-color\" style=\"color:#b9922f\"><i class=\"fas fa-dog\"><\/i><\/div><\/div><div class=\"wp-block-getwid-icon-box__content\">\n<h3 class=\"wp-block-heading\">Pets welcome<\/h3>\n\n\n\n<p>Suitable for our four-legged friends<\/p>\n<\/div><\/div>\n<\/div>\n<\/div>\n<\/div><\/div><\/div><\/div><\/div>\n\n\n\n<div class=\"wp-block-getwid-section is-style-default alignfull alignfull getwid-margin-bottom-none getwid-section-content-full-width\"><div class=\"wp-block-getwid-section__wrapper getwid-padding-top-medium getwid-padding-bottom-medium getwid-padding-left-large getwid-padding-right-large getwid-padding-tablet-top-small getwid-padding-tablet-bottom-small getwid-padding-tablet-left-small getwid-padding-tablet-right-small getwid-padding-mobile-top-small getwid-padding-mobile-bottom-small getwid-padding-mobile-left-small getwid-padding-mobile-right-small\"><div class=\"wp-block-getwid-section__inner-wrapper\"><div class=\"wp-block-getwid-section__background-holder\"><div class=\"wp-block-getwid-section__background has-background\" style=\"background-color:#4a2f27\"><\/div><div class=\"wp-block-getwid-section__foreground\"><\/div><\/div><div class=\"wp-block-getwid-section__content\"><div class=\"wp-block-getwid-section__inner-content\">\n<h2 class=\"wp-block-heading has-white-color has-text-color\">Ideally located in Lorraine<\/h2>\n\n\n\n<div class=\"wp-block-columns are-vertically-aligned-center is-layout-flex wp-container-core-columns-is-layout-9d6595d7 wp-block-columns-is-layout-flex\">\n<div class=\"wp-block-column is-vertically-aligned-center is-layout-flow wp-block-column-is-layout-flow\" style=\"flex-basis:66.66%\">\n<div class=\"wp-block-group has-white-color has-text-color\"><div class=\"wp-block-group__inner-container is-layout-flow wp-block-group-is-layout-flow\">\n<p>The Auberge des Voyageurs is located in Vandi\u00e8res, a rural town in the center of the Lorraine region.<\/p>\n\n\n\n<div class=\"wp-block-getwid-icon-box has-icon-left has-text-center\"><div class=\"wp-block-getwid-icon-box__icon-container is-position-top\"><div class=\"wp-block-getwid-icon-box__icon-wrapper\"><i class=\"fas fa-car-alt\"><\/i><\/div><\/div><div class=\"wp-block-getwid-icon-box__content\">\n<h3 class=\"wp-block-heading has-text-align-left has-white-color has-text-color\">At the crossroads<\/h3>\n<\/div><\/div>\n\n\n\n<div class=\"wp-block-getwid-table no-border has-border-collapse-collapse\"><table><tbody><tr><td>Pont-\u00e0-Mousson<\/td><td>8 km<\/td><\/tr><tr><td>Metz<\/td><td>30 km<\/td><\/tr><tr><td>Nancy<\/td><td>40 km<\/td><\/tr><tr><td>Verdun<\/td><td>60 km<\/td><\/tr><tr><td>Chambley (Base A\u00e9rienne)<\/td><td>20 km<\/td><\/tr><tr><td>Lac de Madine<\/td><td>27 km<\/td><\/tr><\/tbody><\/table><\/div>\n<\/div><\/div>\n<\/div>\n\n\n\n<div class=\"wp-block-column is-vertically-aligned-center is-layout-flow wp-block-column-is-layout-flow\" style=\"flex-basis:33.33%\">\n<iframe src=\"https:\/\/www.google.com\/maps\/embed?pb=!1m18!1m12!1m3!1d335353.23831803596!2d5.753255991195894!3d48.95449172298937!2m3!1f0!2f0!3f0!3m2!1i1024!2i768!4f13.1!3m3!1m2!1s0x0%3A0x3f881927558c02fc!2sLogis%20H%C3%B4tel%20des%20Voyageurs!5e0!3m2!1sfr!2sfr!4v1632301559572!5m2!1sfr!2sfr\" width=\"600\" height=\"450\" style=\"border:0;\" allowfullscreen=\"\" loading=\"lazy\"><\/iframe>\n<\/div>\n<\/div>\n\n\n\n<div class=\"wp-block-columns is-layout-flex wp-container-core-columns-is-layout-9d6595d7 wp-block-columns-is-layout-flex\">\n<div class=\"wp-block-column is-layout-flow wp-block-column-is-layout-flow\">\n<div class=\"wp-block-group has-white-color has-text-color\"><div class=\"wp-block-group__inner-container is-layout-flow wp-block-group-is-layout-flow\">\n<div class=\"wp-block-getwid-icon-box has-icon-left has-text-center\"><div class=\"wp-block-getwid-icon-box__icon-container is-position-middle\"><div class=\"wp-block-getwid-icon-box__icon-wrapper\"><i class=\"fas fa-train\"><\/i><\/div><\/div><div class=\"wp-block-getwid-icon-box__content\">\n<h3 class=\"wp-block-heading has-text-align-left has-white-color has-text-color\">Accessible by train<\/h3>\n\n\n\n<p class=\"has-text-align-left\">Vandi\u00e8res station is located on the <strong>Nancy-Metz-Luxembourg<\/strong> line.<\/p>\n\n\n\n<p class=\"has-text-align-left\">The <strong>Lorraine-TGV station<\/strong> (Louvigny), 15 km away, is accessible by bus or taxi.<\/p>\n<\/div><\/div>\n\n\n\n<div style=\"height:32px\" aria-hidden=\"true\" class=\"wp-block-spacer\"><\/div>\n\n\n\n<div class=\"wp-block-getwid-icon-box has-icon-left has-text-center\"><div class=\"wp-block-getwid-icon-box__icon-container is-position-middle\"><div class=\"wp-block-getwid-icon-box__icon-wrapper\"><i class=\"fas fa-plane\"><\/i><\/div><\/div><div class=\"wp-block-getwid-icon-box__content\">\n<h3 class=\"wp-block-heading has-text-align-left has-white-color has-text-color\">A few kilometers from Lorraine airport<\/h3>\n\n\n\n<p class=\"has-text-align-left\"><strong>Lorraine Airport (Nancy-Metz) <\/strong>, 25 km away is accessible by bus or taxi.<\/p>\n<\/div><\/div>\n<\/div><\/div>\n<\/div>\n<\/div>\n<\/div><\/div><\/div><\/div><\/div>\n\n\n\n<div class=\"wp-block-getwid-section is-style-default alignfull alignfull getwid-section-content-full-width\"><div class=\"wp-block-getwid-section__wrapper getwid-padding-top-medium getwid-padding-bottom-medium getwid-padding-left-large getwid-padding-right-large\"><div class=\"wp-block-getwid-section__inner-wrapper\"><div class=\"wp-block-getwid-section__background-holder\"><div class=\"wp-block-getwid-section__background\"><\/div><div class=\"wp-block-getwid-section__foreground\"><\/div><\/div><div class=\"wp-block-getwid-section__content\"><div class=\"wp-block-getwid-section__inner-content\">\n<div class=\"wp-block-group\"><div class=\"wp-block-group__inner-container is-layout-flow wp-block-group-is-layout-flow\"><ul class=\"wp-block-latest-posts__list wp-block-latest-posts\"><li><a class=\"wp-block-latest-posts__post-title\" href=\"https:\/\/auberge-desvoyageurs54.fr\/en\/2024\/08\/08\/fermeture-annuelle\/\">Summer holidays<\/a><div class=\"wp-block-latest-posts__post-excerpt\">Closed for holidays from Saturday 10th to Sunday 25th August.<\/div><\/li>\n<\/ul>\n\n\n<p><\/p>\n<\/div><\/div>\n<\/div><\/div><\/div><\/div><\/div>\n\n\n\n<div class=\"wp-block-getwid-section alignfull getwid-margin-top-none getwid-margin-bottom-none getwid-section-content-full-width\"><div class=\"wp-block-getwid-section__wrapper getwid-padding-top-normal getwid-padding-bottom-normal getwid-padding-left-normal getwid-padding-right-normal getwid-padding-tablet-top-small getwid-padding-tablet-bottom-small getwid-padding-tablet-left-small getwid-padding-tablet-right-small getwid-padding-mobile-top-small getwid-padding-mobile-bottom-small getwid-padding-mobile-left-small getwid-padding-mobile-right-small\"><div class=\"wp-block-getwid-section__inner-wrapper\"><div class=\"wp-block-getwid-section__background-holder\"><div class=\"wp-block-getwid-section__background\" style=\"background-image:url('https:\/\/auberge-desvoyageurs54.fr\/wp-content\/uploads\/2021\/10\/Reserver-Auberge-des-voyageurs-en-lorraine-hotel-restaurant-pizzeria.jpg')\"><div class=\"wp-block-getwid-section__background-image-wrapper\"><img decoding=\"async\" class=\"wp-block-getwid-section__background-image\" src=\"https:\/\/auberge-desvoyageurs54.fr\/wp-content\/uploads\/2021\/10\/Reserver-Auberge-des-voyageurs-en-lorraine-hotel-restaurant-pizzeria.jpg\" alt=\"\"\/><\/div><div class=\"wp-block-getwid-section__background-slider-wrapper\"><div class=\"wp-block-getwid-section__background-slider\" data-autoplay=\"true\" data-autoplay-speed=\"5000\" data-slide-effect=\"\" data-slide-speed=\"1000\" data-infinite=\"true\"><div class=\"wp-block-getwid-section__background-slider-item\"><img loading=\"lazy\" decoding=\"async\" width=\"1536\" height=\"805\" src=\"https:\/\/auberge-desvoyageurs54.fr\/wp-content\/uploads\/2021\/10\/Reserver-Auberge-des-voyageurs-en-lorraine-hotel-restaurant-pizzeria.jpg\" class=\"wp-image-1642\" alt=\"\" data-id=\"1642\" srcset=\"https:\/\/auberge-desvoyageurs54.fr\/wp-content\/uploads\/2021\/10\/Reserver-Auberge-des-voyageurs-en-lorraine-hotel-restaurant-pizzeria.jpg 1536w, https:\/\/auberge-desvoyageurs54.fr\/wp-content\/uploads\/2021\/10\/Reserver-Auberge-des-voyageurs-en-lorraine-hotel-restaurant-pizzeria-300x157.jpg 300w, https:\/\/auberge-desvoyageurs54.fr\/wp-content\/uploads\/2021\/10\/Reserver-Auberge-des-voyageurs-en-lorraine-hotel-restaurant-pizzeria-1024x537.jpg 1024w, https:\/\/auberge-desvoyageurs54.fr\/wp-content\/uploads\/2021\/10\/Reserver-Auberge-des-voyageurs-en-lorraine-hotel-restaurant-pizzeria-768x403.jpg 768w, https:\/\/auberge-desvoyageurs54.fr\/wp-content\/uploads\/2021\/10\/Reserver-Auberge-des-voyageurs-en-lorraine-hotel-restaurant-pizzeria-892x467.jpg 892w, https:\/\/auberge-desvoyageurs54.fr\/wp-content\/uploads\/2021\/10\/Reserver-Auberge-des-voyageurs-en-lorraine-hotel-restaurant-pizzeria-1350x708.jpg 1350w\" sizes=\"auto, (max-width: 1536px) 100vw, 1536px\" \/><\/div><\/div><\/div><\/div><div class=\"wp-block-getwid-section__foreground\" style=\"opacity:0.61;background-color:#4a2f27;mix-blend-mode:normal\"><\/div><\/div><div class=\"wp-block-getwid-section__content\"><div class=\"wp-block-getwid-section__inner-content\">\n<h2 class=\"wp-block-heading has-text-align-center has-white-color has-text-color\">Information and reservation<\/h2>\n\n\n\n<p class=\"has-text-align-center has-white-color has-text-color\">We are at your disposal for any questions concerning the hotel or the restaurant.<\/p>\n\n\n\n<h4 class=\"wp-block-heading has-text-align-center has-white-color has-text-color\">Contact us by telephone at +33(0)3.83.82.41.33.<\/h4>\n\n\n\n<div class=\"wp-block-getwid-icon-box has-icon-left has-text-left\"><div class=\"wp-block-getwid-icon-box__icon-container is-position-top\"><div class=\"wp-block-getwid-icon-box__icon-wrapper has-text-color has-white-color\" style=\"font-size:3em\"><i class=\"fas fa-exclamation-triangle\"><\/i><\/div><\/div><div class=\"wp-block-getwid-icon-box__content\">\n<p class=\"has-white-color has-text-color\"><strong>The hotel is closed between 2:30 p.m. and 6:00 p.m., but arrivals are still possible: call us first!<\/strong><\/p>\n\n\n\n<p><\/p>\n<\/div><\/div>\n<\/div><\/div><\/div><\/div><\/div>\n","protected":false},"excerpt":{"rendered":"","protected":false},"author":1,"featured_media":0,"parent":0,"menu_order":0,"comment_status":"closed","ping_status":"open","template":"template-canvas-page.php","meta":{"footnotes":""},"class_list":["post-2","page","type-page","status-publish","hentry"],"_links":{"self":[{"href":"https:\/\/auberge-desvoyageurs54.fr\/en\/wp-json\/wp\/v2\/pages\/2","targetHints":{"allow":["GET"]}}],"collection":[{"href":"https:\/\/auberge-desvoyageurs54.fr\/en\/wp-json\/wp\/v2\/pages"}],"about":[{"href":"https:\/\/auberge-desvoyageurs54.fr\/en\/wp-json\/wp\/v2\/types\/page"}],"author":[{"embeddable":true,"href":"https:\/\/auberge-desvoyageurs54.fr\/en\/wp-json\/wp\/v2\/users\/1"}],"replies":[{"embeddable":true,"href":"https:\/\/auberge-desvoyageurs54.fr\/en\/wp-json\/wp\/v2\/comments?post=2"}],"version-history":[{"count":107,"href":"https:\/\/auberge-desvoyageurs54.fr\/en\/wp-json\/wp\/v2\/pages\/2\/revisions"}],"predecessor-version":[{"id":1996,"href":"https:\/\/auberge-desvoyageurs54.fr\/en\/wp-json\/wp\/v2\/pages\/2\/revisions\/1996"}],"wp:attachment":[{"href":"https:\/\/auberge-desvoyageurs54.fr\/en\/wp-json\/wp\/v2\/media?parent=2"}],"curies":[{"name":"wp","href":"https:\/\/api.w.org\/{rel}","templated":true}]}}