{"id":1506,"date":"2021-09-21T16:43:41","date_gmt":"2021-09-21T14:43:41","guid":{"rendered":"https:\/\/auberge-desvoyageurs54.fr\/?page_id=1506"},"modified":"2025-02-18T08:28:04","modified_gmt":"2025-02-18T07:28:04","slug":"restauration-a-emporter","status":"publish","type":"page","link":"https:\/\/auberge-desvoyageurs54.fr\/en\/restauration-a-emporter\/","title":{"rendered":"Restauration \u00e0 emporter"},"content":{"rendered":"\n<div class=\"wp-block-getwid-section is-style-default alignfull alignfull getwid-margin-top-none getwid-margin-bottom-none getwid-section-content-full-width\"><div class=\"wp-block-getwid-section__wrapper getwid-padding-top-large getwid-padding-bottom-normal getwid-padding-left-normal getwid-padding-right-large getwid-margin-left-none getwid-margin-right-none\"><div class=\"wp-block-getwid-section__inner-wrapper\"><div class=\"wp-block-getwid-section__background-holder\"><div class=\"wp-block-getwid-section__background\"><div class=\"wp-block-getwid-section__background-slider-wrapper\"><div class=\"wp-block-getwid-section__background-slider\" data-autoplay=\"true\" data-autoplay-speed=\"5000\" data-slide-speed=\"1000\" data-infinite=\"true\"><div class=\"wp-block-getwid-section__background-slider-item\"><img loading=\"lazy\" decoding=\"async\" width=\"1024\" height=\"576\" src=\"https:\/\/auberge-desvoyageurs54.fr\/wp-content\/uploads\/2021\/09\/hotel-vandieres-pont-a-mousson-chambre-confortable-et-au-calme-1.jpg\" class=\"wp-image-1424\" alt=\"\" data-id=\"1424\" srcset=\"https:\/\/auberge-desvoyageurs54.fr\/wp-content\/uploads\/2021\/09\/hotel-vandieres-pont-a-mousson-chambre-confortable-et-au-calme-1.jpg 1024w, https:\/\/auberge-desvoyageurs54.fr\/wp-content\/uploads\/2021\/09\/hotel-vandieres-pont-a-mousson-chambre-confortable-et-au-calme-1-300x169.jpg 300w, https:\/\/auberge-desvoyageurs54.fr\/wp-content\/uploads\/2021\/09\/hotel-vandieres-pont-a-mousson-chambre-confortable-et-au-calme-1-768x432.jpg 768w\" sizes=\"auto, (max-width: 1024px) 100vw, 1024px\" \/><\/div><\/div><\/div><\/div><div class=\"wp-block-getwid-section__foreground\" style=\"opacity:0.51;background-color:#4a2f27;mix-blend-mode:normal\"><\/div><\/div><div class=\"wp-block-getwid-section__content\"><div class=\"wp-block-getwid-section__inner-content\">\n<h1 class=\"has-white-color has-text-color wp-block-heading\">Takeaway menu<\/h1>\n\n\n\n<p class=\"has-white-color has-text-color\">Dishes and pizzas to be ordered by phone and picked up at the Auberge des Voyageurs restaurant<\/p>\n<\/div><\/div><\/div><\/div><\/div>\n\n\n\n<p>Discover our menu of takeaway meals and pizzas, not to mention the dish of the day, to be found on our facebook page!<\/p>\n\n\n\n<div class=\"wp-block-image\"><figure class=\"aligncenter size-large is-resized\"><img loading=\"lazy\" decoding=\"async\" src=\"https:\/\/auberge-desvoyageurs54.fr\/wp-content\/uploads\/2021\/10\/Carte-a-emporter-Auberge-des-Voyageurs-730x1024.jpg\" alt=\"Nos pizzas et plats \u00e0 emporter \u00e0 Vandi\u00e8res (54)\" class=\"wp-image-1757\" width=\"730\" height=\"1024\" srcset=\"https:\/\/auberge-desvoyageurs54.fr\/wp-content\/uploads\/2021\/10\/Carte-a-emporter-Auberge-des-Voyageurs-730x1024.jpg 730w, https:\/\/auberge-desvoyageurs54.fr\/wp-content\/uploads\/2021\/10\/Carte-a-emporter-Auberge-des-Voyageurs-214x300.jpg 214w, https:\/\/auberge-desvoyageurs54.fr\/wp-content\/uploads\/2021\/10\/Carte-a-emporter-Auberge-des-Voyageurs-768x1078.jpg 768w, https:\/\/auberge-desvoyageurs54.fr\/wp-content\/uploads\/2021\/10\/Carte-a-emporter-Auberge-des-Voyageurs-1094x1536.jpg 1094w, https:\/\/auberge-desvoyageurs54.fr\/wp-content\/uploads\/2021\/10\/Carte-a-emporter-Auberge-des-Voyageurs-1459x2048.jpg 1459w, https:\/\/auberge-desvoyageurs54.fr\/wp-content\/uploads\/2021\/10\/Carte-a-emporter-Auberge-des-Voyageurs-892x1252.jpg 892w, https:\/\/auberge-desvoyageurs54.fr\/wp-content\/uploads\/2021\/10\/Carte-a-emporter-Auberge-des-Voyageurs-1350x1895.jpg 1350w, https:\/\/auberge-desvoyageurs54.fr\/wp-content\/uploads\/2021\/10\/Carte-a-emporter-Auberge-des-Voyageurs.jpg 1744w\" sizes=\"auto, (max-width: 730px) 100vw, 730px\" \/><\/figure><\/div>\n\n\n\n<div class=\"wp-block-image\"><figure class=\"aligncenter size-large\"><img loading=\"lazy\" decoding=\"async\" width=\"725\" height=\"1024\" src=\"https:\/\/auberge-desvoyageurs54.fr\/wp-content\/uploads\/2021\/10\/Carte-a-emporter-2-Auberge-des-Voyageurs-plats-et-pizzas-725x1024.jpg\" alt=\"Carte a emporter 2 Auberge des Voyageurs plats et pizzas\" class=\"wp-image-1756\" srcset=\"https:\/\/auberge-desvoyageurs54.fr\/wp-content\/uploads\/2021\/10\/Carte-a-emporter-2-Auberge-des-Voyageurs-plats-et-pizzas-725x1024.jpg 725w, https:\/\/auberge-desvoyageurs54.fr\/wp-content\/uploads\/2021\/10\/Carte-a-emporter-2-Auberge-des-Voyageurs-plats-et-pizzas-212x300.jpg 212w, https:\/\/auberge-desvoyageurs54.fr\/wp-content\/uploads\/2021\/10\/Carte-a-emporter-2-Auberge-des-Voyageurs-plats-et-pizzas-768x1085.jpg 768w, https:\/\/auberge-desvoyageurs54.fr\/wp-content\/uploads\/2021\/10\/Carte-a-emporter-2-Auberge-des-Voyageurs-plats-et-pizzas-1087x1536.jpg 1087w, https:\/\/auberge-desvoyageurs54.fr\/wp-content\/uploads\/2021\/10\/Carte-a-emporter-2-Auberge-des-Voyageurs-plats-et-pizzas-1450x2048.jpg 1450w, https:\/\/auberge-desvoyageurs54.fr\/wp-content\/uploads\/2021\/10\/Carte-a-emporter-2-Auberge-des-Voyageurs-plats-et-pizzas-892x1260.jpg 892w, https:\/\/auberge-desvoyageurs54.fr\/wp-content\/uploads\/2021\/10\/Carte-a-emporter-2-Auberge-des-Voyageurs-plats-et-pizzas-1350x1907.jpg 1350w, https:\/\/auberge-desvoyageurs54.fr\/wp-content\/uploads\/2021\/10\/Carte-a-emporter-2-Auberge-des-Voyageurs-plats-et-pizzas.jpg 1744w\" sizes=\"auto, (max-width: 725px) 100vw, 725px\" \/><\/figure><\/div>\n\n\n\n<p><\/p>\n","protected":false},"excerpt":{"rendered":"<p>Discover our menu of takeaway meals and pizzas, not to mention the dish of the day, to be found on our facebook page!<\/p>\n","protected":false},"author":1,"featured_media":0,"parent":0,"menu_order":0,"comment_status":"closed","ping_status":"closed","template":"template-canvas-page.php","meta":{"footnotes":""},"class_list":["post-1506","page","type-page","status-publish","hentry"],"_links":{"self":[{"href":"https:\/\/auberge-desvoyageurs54.fr\/en\/wp-json\/wp\/v2\/pages\/1506","targetHints":{"allow":["GET"]}}],"collection":[{"href":"https:\/\/auberge-desvoyageurs54.fr\/en\/wp-json\/wp\/v2\/pages"}],"about":[{"href":"https:\/\/auberge-desvoyageurs54.fr\/en\/wp-json\/wp\/v2\/types\/page"}],"author":[{"embeddable":true,"href":"https:\/\/auberge-desvoyageurs54.fr\/en\/wp-json\/wp\/v2\/users\/1"}],"replies":[{"embeddable":true,"href":"https:\/\/auberge-desvoyageurs54.fr\/en\/wp-json\/wp\/v2\/comments?post=1506"}],"version-history":[{"count":7,"href":"https:\/\/auberge-desvoyageurs54.fr\/en\/wp-json\/wp\/v2\/pages\/1506\/revisions"}],"predecessor-version":[{"id":1972,"href":"https:\/\/auberge-desvoyageurs54.fr\/en\/wp-json\/wp\/v2\/pages\/1506\/revisions\/1972"}],"wp:attachment":[{"href":"https:\/\/auberge-desvoyageurs54.fr\/en\/wp-json\/wp\/v2\/media?parent=1506"}],"curies":[{"name":"wp","href":"https:\/\/api.w.org\/{rel}","templated":true}]}}