{"id":1470,"date":"2021-09-21T15:17:01","date_gmt":"2021-09-21T13:17:01","guid":{"rendered":"https:\/\/auberge-desvoyageurs54.fr\/?page_id=1470"},"modified":"2024-08-08T17:10:20","modified_gmt":"2024-08-08T15:10:20","slug":"le-restaurant","status":"publish","type":"page","link":"https:\/\/auberge-desvoyageurs54.fr\/en\/le-restaurant\/","title":{"rendered":"Restaurant"},"content":{"rendered":"\n<div class=\"wp-block-getwid-section is-style-default alignfull alignfull getwid-margin-top-none getwid-margin-bottom-none getwid-section-content-full-width\"><div class=\"wp-block-getwid-section__wrapper getwid-padding-top-normal getwid-padding-bottom-normal getwid-padding-left-normal getwid-padding-right-normal getwid-padding-mobile-left-small getwid-padding-mobile-right-small\" style=\"min-height:350px\"><div class=\"wp-block-getwid-section__inner-wrapper\"><div class=\"wp-block-getwid-section__background-holder\"><div class=\"wp-block-getwid-section__background\"><div class=\"wp-block-getwid-section__background-slider-wrapper\"><div class=\"wp-block-getwid-section__background-slider\" data-autoplay=\"true\" data-autoplay-speed=\"5000\" data-slide-speed=\"1000\" data-infinite=\"true\"><div class=\"wp-block-getwid-section__background-slider-item\"><img loading=\"lazy\" decoding=\"async\" width=\"1280\" height=\"720\" src=\"https:\/\/auberge-desvoyageurs54.fr\/wp-content\/uploads\/2021\/09\/Restaurant-auberge-des-voyageurs-vandieres-vue-densemble.jpg\" class=\"wp-image-1426\" alt=\"Le restaurant de l'auberge des voyageurs \u00e0 Vandieres vous accueille pour un repas fait-maison entre metz et nancy\" data-id=\"1426\" srcset=\"https:\/\/auberge-desvoyageurs54.fr\/wp-content\/uploads\/2021\/09\/Restaurant-auberge-des-voyageurs-vandieres-vue-densemble.jpg 1280w, https:\/\/auberge-desvoyageurs54.fr\/wp-content\/uploads\/2021\/09\/Restaurant-auberge-des-voyageurs-vandieres-vue-densemble-300x169.jpg 300w, https:\/\/auberge-desvoyageurs54.fr\/wp-content\/uploads\/2021\/09\/Restaurant-auberge-des-voyageurs-vandieres-vue-densemble-1024x576.jpg 1024w, https:\/\/auberge-desvoyageurs54.fr\/wp-content\/uploads\/2021\/09\/Restaurant-auberge-des-voyageurs-vandieres-vue-densemble-768x432.jpg 768w\" sizes=\"auto, (max-width: 1280px) 100vw, 1280px\" \/><\/div><\/div><\/div><\/div><div class=\"wp-block-getwid-section__foreground\" style=\"opacity:0.5;background-color:#4a2f27;mix-blend-mode:\"><\/div><\/div><div class=\"wp-block-getwid-section__content\"><div class=\"wp-block-getwid-section__inner-content\">\n<div class=\"wp-block-getwid-advanced-heading is-style-with-shadow has-custom-font-size\" style=\"font-size:39px;margin-bottom:20px\"><h2 class=\"wp-block-getwid-advanced-heading__content has-text-color has-white-color\">The Restaurant <\/h2><\/div>\n\n\n\n<div class=\"wp-block-getwid-advanced-heading is-style-with-shadow has-custom-font-size\" style=\"font-size:16px\"><span class=\"wp-block-getwid-advanced-heading__content has-text-color has-white-color\" style=\"font-weight:normal\">Generous local cuisine served in an elegant and warm setting.<\/span><\/div>\n<\/div><\/div><\/div><\/div><\/div>\n\n\n\n\n\n<h2 class=\"wp-block-heading has-text-align-center\">Eat in or take away<\/h2>\n\n\n\n<div class=\"wp-block-columns is-layout-flex wp-container-core-columns-is-layout-9d6595d7 wp-block-columns-is-layout-flex\">\n<div class=\"wp-block-column is-layout-flow wp-block-column-is-layout-flow\">\n<div class=\"wp-block-getwid-image-box has-text-center has-mobile-layout-default has-mobile-alignment-default\"><div class=\"wp-block-getwid-image-box__image-container is-position-top\"><div class=\"wp-block-getwid-image-box__image-wrapper\"><img loading=\"lazy\" decoding=\"async\" width=\"2560\" height=\"1706\" src=\"https:\/\/auberge-desvoyageurs54.fr\/wp-content\/uploads\/2024\/02\/Salle-restaurant-reception-privatisation-Lorraine-proche-Pont-a-mousson-scaled-e1708425299564.jpg\" alt=\"Restauration sur place, carte de saison\" class=\"wp-block-getwid-image-box__image wp-image-1917\" srcset=\"https:\/\/auberge-desvoyageurs54.fr\/wp-content\/uploads\/2024\/02\/Salle-restaurant-reception-privatisation-Lorraine-proche-Pont-a-mousson-scaled-e1708425299564.jpg 2560w, https:\/\/auberge-desvoyageurs54.fr\/wp-content\/uploads\/2024\/02\/Salle-restaurant-reception-privatisation-Lorraine-proche-Pont-a-mousson-scaled-e1708425299564-300x200.jpg 300w, https:\/\/auberge-desvoyageurs54.fr\/wp-content\/uploads\/2024\/02\/Salle-restaurant-reception-privatisation-Lorraine-proche-Pont-a-mousson-scaled-e1708425299564-1024x682.jpg 1024w, https:\/\/auberge-desvoyageurs54.fr\/wp-content\/uploads\/2024\/02\/Salle-restaurant-reception-privatisation-Lorraine-proche-Pont-a-mousson-scaled-e1708425299564-768x512.jpg 768w, https:\/\/auberge-desvoyageurs54.fr\/wp-content\/uploads\/2024\/02\/Salle-restaurant-reception-privatisation-Lorraine-proche-Pont-a-mousson-scaled-e1708425299564-1536x1024.jpg 1536w, https:\/\/auberge-desvoyageurs54.fr\/wp-content\/uploads\/2024\/02\/Salle-restaurant-reception-privatisation-Lorraine-proche-Pont-a-mousson-scaled-e1708425299564-2048x1365.jpg 2048w, https:\/\/auberge-desvoyageurs54.fr\/wp-content\/uploads\/2024\/02\/Salle-restaurant-reception-privatisation-Lorraine-proche-Pont-a-mousson-scaled-e1708425299564-892x594.jpg 892w, https:\/\/auberge-desvoyageurs54.fr\/wp-content\/uploads\/2024\/02\/Salle-restaurant-reception-privatisation-Lorraine-proche-Pont-a-mousson-scaled-e1708425299564-1350x900.jpg 1350w\" sizes=\"auto, (max-width: 2560px) 100vw, 2560px\" \/><\/div><\/div><div class=\"wp-block-getwid-image-box__content\">\n<h2 class=\"wp-block-heading\">On site, a comfortable dining room<\/h2>\n\n\n\n<p>To savor the moment, with friends, colleagues or family<\/p>\n<\/div><\/div>\n<\/div>\n\n\n\n<div class=\"wp-block-column is-layout-flow wp-block-column-is-layout-flow\">\n<div class=\"wp-block-getwid-image-box has-text-center has-mobile-layout-default has-mobile-alignment-default\"><div class=\"wp-block-getwid-image-box__image-container is-position-top\"><div class=\"wp-block-getwid-image-box__image-wrapper\"><img loading=\"lazy\" decoding=\"async\" width=\"1248\" height=\"832\" src=\"https:\/\/auberge-desvoyageurs54.fr\/wp-content\/uploads\/2024\/02\/pizza-a-emporter-auberge-des-voyageurs-Lorraine-vandieres-54.jpg\" alt=\"Pizzas \u00e0 emporter ou \u00e0 d\u00e9guster sur place\" class=\"wp-block-getwid-image-box__image wp-image-1916\" srcset=\"https:\/\/auberge-desvoyageurs54.fr\/wp-content\/uploads\/2024\/02\/pizza-a-emporter-auberge-des-voyageurs-Lorraine-vandieres-54.jpg 1248w, https:\/\/auberge-desvoyageurs54.fr\/wp-content\/uploads\/2024\/02\/pizza-a-emporter-auberge-des-voyageurs-Lorraine-vandieres-54-300x200.jpg 300w, https:\/\/auberge-desvoyageurs54.fr\/wp-content\/uploads\/2024\/02\/pizza-a-emporter-auberge-des-voyageurs-Lorraine-vandieres-54-1024x683.jpg 1024w, https:\/\/auberge-desvoyageurs54.fr\/wp-content\/uploads\/2024\/02\/pizza-a-emporter-auberge-des-voyageurs-Lorraine-vandieres-54-768x512.jpg 768w, https:\/\/auberge-desvoyageurs54.fr\/wp-content\/uploads\/2024\/02\/pizza-a-emporter-auberge-des-voyageurs-Lorraine-vandieres-54-892x595.jpg 892w\" sizes=\"auto, (max-width: 1248px) 100vw, 1248px\" \/><\/div><\/div><div class=\"wp-block-getwid-image-box__content\">\n<h2 class=\"wp-block-heading\">Our takeaway meals and pizzas<\/h2>\n\n\n\n<p>\u2026 without forgetting the desserts and drinks.<\/p>\n\n\n\n<div class=\"wp-block-buttons is-horizontal is-content-justification-center is-layout-flex wp-container-core-buttons-is-layout-499968f5 wp-block-buttons-is-layout-flex\">\n<div class=\"wp-block-button\"><a class=\"wp-block-button__link wp-element-button\" href=\"https:\/\/auberge-desvoyageurs54.fr\/restauration-a-emporter\/\">Takeaway menu<\/a><\/div>\n<\/div>\n<\/div><\/div>\n<\/div>\n<\/div>\n\n\n\n<p><\/p>\n\n\n\n<div class=\"wp-block-getwid-image-box getwid-animation has-image-left has-text-center has-mobile-layout-default has-mobile-alignment-default\" data-animation=\"zoomBig\"><div class=\"wp-block-getwid-image-box__image-container is-position-middle\"><div class=\"wp-block-getwid-image-box__image-wrapper\"><img loading=\"lazy\" decoding=\"async\" width=\"300\" height=\"200\" src=\"https:\/\/auberge-desvoyageurs54.fr\/wp-content\/uploads\/2021\/09\/Restaurant-auberge-des-voyageurs-vandieres-lasagnes-maison-300x200.jpg\" alt=\"Cuisine terroir et g\u00e9n\u00e9reuse \u00e0 Vandieres (54) en Lorraine\" class=\"wp-block-getwid-image-box__image wp-image-1490\" srcset=\"https:\/\/auberge-desvoyageurs54.fr\/wp-content\/uploads\/2021\/09\/Restaurant-auberge-des-voyageurs-vandieres-lasagnes-maison-300x200.jpg 300w, https:\/\/auberge-desvoyageurs54.fr\/wp-content\/uploads\/2021\/09\/Restaurant-auberge-des-voyageurs-vandieres-lasagnes-maison-768x511.jpg 768w, https:\/\/auberge-desvoyageurs54.fr\/wp-content\/uploads\/2021\/09\/Restaurant-auberge-des-voyageurs-vandieres-lasagnes-maison-892x593.jpg 892w, https:\/\/auberge-desvoyageurs54.fr\/wp-content\/uploads\/2021\/09\/Restaurant-auberge-des-voyageurs-vandieres-lasagnes-maison.jpg 1024w\" sizes=\"auto, (max-width: 300px) 100vw, 300px\" \/><\/div><\/div><div class=\"wp-block-getwid-image-box__content\">\n<h3 class=\"wp-block-heading\">Discover generous local cuisine<\/h3>\n\n\n\n<p>Our menu changes according to the seasons to offer you delicious dishes prepared by us.<\/p>\n<\/div><\/div>\n\n\n\n<div class=\"wp-block-getwid-image-box getwid-animation has-image-right has-text-center has-mobile-layout-default has-mobile-alignment-default\" data-animation=\"zoomBig\"><div class=\"wp-block-getwid-image-box__image-container is-position-middle\"><div class=\"wp-block-getwid-image-box__image-wrapper\"><img loading=\"lazy\" decoding=\"async\" width=\"300\" height=\"300\" src=\"https:\/\/auberge-desvoyageurs54.fr\/wp-content\/uploads\/2024\/02\/Plat-du-jour-auberge-des-voyageurs-54-vandieres-300x300.jpg\" alt=\"Plat du jour et suggestions du restaurant l'Auberge des Voyageurs \u00e0 vandi\u00e8res, proche Pont-\u00e0-Mousson\" class=\"wp-block-getwid-image-box__image wp-image-1914\" srcset=\"https:\/\/auberge-desvoyageurs54.fr\/wp-content\/uploads\/2024\/02\/Plat-du-jour-auberge-des-voyageurs-54-vandieres-300x300.jpg 300w, https:\/\/auberge-desvoyageurs54.fr\/wp-content\/uploads\/2024\/02\/Plat-du-jour-auberge-des-voyageurs-54-vandieres-1024x1024.jpg 1024w, https:\/\/auberge-desvoyageurs54.fr\/wp-content\/uploads\/2024\/02\/Plat-du-jour-auberge-des-voyageurs-54-vandieres-150x150.jpg 150w, https:\/\/auberge-desvoyageurs54.fr\/wp-content\/uploads\/2024\/02\/Plat-du-jour-auberge-des-voyageurs-54-vandieres-768x768.jpg 768w, https:\/\/auberge-desvoyageurs54.fr\/wp-content\/uploads\/2024\/02\/Plat-du-jour-auberge-des-voyageurs-54-vandieres-1536x1536.jpg 1536w, https:\/\/auberge-desvoyageurs54.fr\/wp-content\/uploads\/2024\/02\/Plat-du-jour-auberge-des-voyageurs-54-vandieres-2048x2048.jpg 2048w, https:\/\/auberge-desvoyageurs54.fr\/wp-content\/uploads\/2024\/02\/Plat-du-jour-auberge-des-voyageurs-54-vandieres-892x892.jpg 892w, https:\/\/auberge-desvoyageurs54.fr\/wp-content\/uploads\/2024\/02\/Plat-du-jour-auberge-des-voyageurs-54-vandieres-1350x1350.jpg 1350w\" sizes=\"auto, (max-width: 300px) 100vw, 300px\" \/><\/div><\/div><div class=\"wp-block-getwid-image-box__content\">\n<h3 class=\"wp-block-heading\">Today&#8217;s special<\/h3>\n\n\n\n<p><strong><em>\u20ac 11,50<\/em><\/strong><\/p>\n\n\n\n<p>Every weekday lunchtime, the chef offers his dish of the day, as well as a suggested dish.<\/p>\n\n\n\n<p>To savor quite simply or in the <strong>Menu of the day<\/strong> at 17,50 \u20ac (with starter buffet + dessert)<\/p>\n\n\n\n<p>Find the dish of the day on our <a rel=\"noreferrer noopener\" href=\"https:\/\/www.facebook.com\/Lauberge-des-voyageurs-865731996928674\/\" target=\"_blank\">facebook page<\/a>.<\/p>\n<\/div><\/div>\n\n\n\n<div class=\"wp-block-getwid-image-box getwid-animation has-image-left has-text-center has-mobile-layout-default has-mobile-alignment-default\" data-animation=\"zoomBig\"><div class=\"wp-block-getwid-image-box__image-container is-position-middle\"><div class=\"wp-block-getwid-image-box__image-wrapper\"><img loading=\"lazy\" decoding=\"async\" width=\"300\" height=\"200\" src=\"https:\/\/auberge-desvoyageurs54.fr\/wp-content\/uploads\/2024\/02\/soiree-speciale-auberge-des-voyageurs-menu-moules-frites-en-Lorraine-300x200.jpg\" alt=\"Soir\u00e9es sp\u00e9ciales moules frites \u00e0 l'auberge des voyageurs\" class=\"wp-block-getwid-image-box__image wp-image-1918\" srcset=\"https:\/\/auberge-desvoyageurs54.fr\/wp-content\/uploads\/2024\/02\/soiree-speciale-auberge-des-voyageurs-menu-moules-frites-en-Lorraine-300x200.jpg 300w, https:\/\/auberge-desvoyageurs54.fr\/wp-content\/uploads\/2024\/02\/soiree-speciale-auberge-des-voyageurs-menu-moules-frites-en-Lorraine-1024x683.jpg 1024w, https:\/\/auberge-desvoyageurs54.fr\/wp-content\/uploads\/2024\/02\/soiree-speciale-auberge-des-voyageurs-menu-moules-frites-en-Lorraine-768x512.jpg 768w, https:\/\/auberge-desvoyageurs54.fr\/wp-content\/uploads\/2024\/02\/soiree-speciale-auberge-des-voyageurs-menu-moules-frites-en-Lorraine-892x595.jpg 892w, https:\/\/auberge-desvoyageurs54.fr\/wp-content\/uploads\/2024\/02\/soiree-speciale-auberge-des-voyageurs-menu-moules-frites-en-Lorraine.jpg 1333w\" sizes=\"auto, (max-width: 300px) 100vw, 300px\" \/><\/div><\/div><div class=\"wp-block-getwid-image-box__content\">\n<h3 class=\"wp-block-heading\">Special menus<\/h3>\n\n\n\n<p>The chef regularly offers special evenings: mussels and fries, couscous, kidneys\u2026<\/p>\n\n\n\n<p>Keep up to date with our <a href=\"https:\/\/www.facebook.com\/Lauberge-des-voyageurs-865731996928674\/\" target=\"_blank\" rel=\"noreferrer noopener\">facebook page<\/a> .<\/p>\n<\/div><\/div>\n\n\n\n<div class=\"wp-block-getwid-image-box getwid-animation has-image-right has-text-center has-mobile-layout-default has-mobile-alignment-default\" data-animation=\"zoomBig\"><div class=\"wp-block-getwid-image-box__image-container is-position-middle\"><div class=\"wp-block-getwid-image-box__image-wrapper\"><img loading=\"lazy\" decoding=\"async\" width=\"300\" height=\"177\" src=\"https:\/\/auberge-desvoyageurs54.fr\/wp-content\/uploads\/2021\/09\/pizza-auberge-des-voyageurs-300x177.jpg\" alt=\"Pizza sur place ou a emporter auberge vall\u00e9e de la Moselle Vandieres\" class=\"wp-block-getwid-image-box__image wp-image-1495\" srcset=\"https:\/\/auberge-desvoyageurs54.fr\/wp-content\/uploads\/2021\/09\/pizza-auberge-des-voyageurs-300x177.jpg 300w, https:\/\/auberge-desvoyageurs54.fr\/wp-content\/uploads\/2021\/09\/pizza-auberge-des-voyageurs-1024x603.jpg 1024w, https:\/\/auberge-desvoyageurs54.fr\/wp-content\/uploads\/2021\/09\/pizza-auberge-des-voyageurs-768x452.jpg 768w, https:\/\/auberge-desvoyageurs54.fr\/wp-content\/uploads\/2021\/09\/pizza-auberge-des-voyageurs-1536x904.jpg 1536w, https:\/\/auberge-desvoyageurs54.fr\/wp-content\/uploads\/2021\/09\/pizza-auberge-des-voyageurs-892x525.jpg 892w, https:\/\/auberge-desvoyageurs54.fr\/wp-content\/uploads\/2021\/09\/pizza-auberge-des-voyageurs-1350x795.jpg 1350w, https:\/\/auberge-desvoyageurs54.fr\/wp-content\/uploads\/2021\/09\/pizza-auberge-des-voyageurs.jpg 1920w\" sizes=\"auto, (max-width: 300px) 100vw, 300px\" \/><\/div><\/div><div class=\"wp-block-getwid-image-box__content\">\n<h3 class=\"wp-block-heading\">Our pizzas to eat in or take away<\/h3>\n\n\n\n<p>Every evening (except Sunday)<\/p>\n<\/div><\/div>\n\n\n\n<div class=\"wp-block-getwid-image-box getwid-animation has-image-left has-text-center has-mobile-layout-default has-mobile-alignment-default\" data-animation=\"zoomBig\"><div class=\"wp-block-getwid-image-box__image-container is-position-middle\"><div class=\"wp-block-getwid-image-box__image-wrapper\"><img loading=\"lazy\" decoding=\"async\" width=\"300\" height=\"200\" src=\"https:\/\/auberge-desvoyageurs54.fr\/wp-content\/uploads\/2021\/09\/produits-locaux-et-de-saison-300x200.jpg\" alt=\"Produits locaux et de saison au restaurant de l'auberge des voyageurs \u00e0 Vandi\u00e8res (Meurthe et moselle)\" class=\"wp-block-getwid-image-box__image wp-image-1496\" srcset=\"https:\/\/auberge-desvoyageurs54.fr\/wp-content\/uploads\/2021\/09\/produits-locaux-et-de-saison-300x200.jpg 300w, https:\/\/auberge-desvoyageurs54.fr\/wp-content\/uploads\/2021\/09\/produits-locaux-et-de-saison-1024x683.jpg 1024w, https:\/\/auberge-desvoyageurs54.fr\/wp-content\/uploads\/2021\/09\/produits-locaux-et-de-saison-768x512.jpg 768w, https:\/\/auberge-desvoyageurs54.fr\/wp-content\/uploads\/2021\/09\/produits-locaux-et-de-saison-1536x1024.jpg 1536w, https:\/\/auberge-desvoyageurs54.fr\/wp-content\/uploads\/2021\/09\/produits-locaux-et-de-saison-892x595.jpg 892w, https:\/\/auberge-desvoyageurs54.fr\/wp-content\/uploads\/2021\/09\/produits-locaux-et-de-saison-1350x900.jpg 1350w, https:\/\/auberge-desvoyageurs54.fr\/wp-content\/uploads\/2021\/09\/produits-locaux-et-de-saison.jpg 1920w\" sizes=\"auto, (max-width: 300px) 100vw, 300px\" \/><\/div><\/div><div class=\"wp-block-getwid-image-box__content\">\n<h3 class=\"wp-block-heading\">Local and seasonal products<\/h3>\n\n\n\n<p>Cooked by us, in our kitchen, for your greatest pleasure.<\/p>\n<\/div><\/div>\n\n\n\n<div style=\"height:36px\" aria-hidden=\"true\" class=\"wp-block-spacer\"><\/div>\n\n\n\n<div class=\"wp-block-columns is-layout-flex wp-container-core-columns-is-layout-9d6595d7 wp-block-columns-is-layout-flex\">\n<div class=\"wp-block-column is-layout-flow wp-block-column-is-layout-flow\">\n<div style=\"height:32px\" aria-hidden=\"true\" class=\"wp-block-spacer\"><\/div>\n\n\n\n<h3 class=\"wp-block-heading\">Timetables<\/h3>\n\n\n\n<p>The restaurant welcomes you <strong>for lunch and dinner, Monday to Friday<\/strong>.<\/p>\n\n\n\n<p>Possibility of reserving the restaurant on Saturday or Sunday lunchtime for groups.<\/p>\n\n\n\n<h3 class=\"wp-block-heading\">Privatization<\/h3>\n\n\n\n<p>We welcome your family (wedding, birthday, baptism, etc.) or professional events (seminars, training)<\/p>\n\n\n\n<h3 class=\"wp-block-heading\">Reservation<\/h3>\n\n\n\n<p>Phone: 03 83 82 41 33<\/p>\n<\/div>\n\n\n\n<div class=\"wp-block-column is-layout-flow wp-block-column-is-layout-flow\">\n<div class=\"wp-block-getwid-banner is-style-default has-animation-style4\"><a href=\"\" class=\"wp-block-getwid-banner__link\"><div class=\"wp-block-getwid-banner__wrapper\"><img loading=\"lazy\" decoding=\"async\" width=\"1280\" height=\"720\" src=\"https:\/\/auberge-desvoyageurs54.fr\/wp-content\/uploads\/2021\/09\/Restaurant-auberge-des-voyageurs-vandieres-vue-densemble.jpg\" alt=\"\" class=\"wp-block-getwid-banner__image wp-block-getwid-banner__source wp-image-1426\" srcset=\"https:\/\/auberge-desvoyageurs54.fr\/wp-content\/uploads\/2021\/09\/Restaurant-auberge-des-voyageurs-vandieres-vue-densemble.jpg 1280w, https:\/\/auberge-desvoyageurs54.fr\/wp-content\/uploads\/2021\/09\/Restaurant-auberge-des-voyageurs-vandieres-vue-densemble-300x169.jpg 300w, https:\/\/auberge-desvoyageurs54.fr\/wp-content\/uploads\/2021\/09\/Restaurant-auberge-des-voyageurs-vandieres-vue-densemble-1024x576.jpg 1024w, https:\/\/auberge-desvoyageurs54.fr\/wp-content\/uploads\/2021\/09\/Restaurant-auberge-des-voyageurs-vandieres-vue-densemble-768x432.jpg 768w\" sizes=\"auto, (max-width: 1280px) 100vw, 1280px\" \/><div class=\"wp-block-getwid-banner__caption\"><div class=\"wp-block-getwid-banner__caption-wrapper\"><span class=\"wp-block-getwid-banner__title\">Large reception hall<br>(up to 60 people)<\/span><p class=\"wp-block-getwid-banner__text\">Possibility of privatizing the restaurant and \/ or the hotel for your family or professional events.<\/p><\/div><\/div><\/div><\/a><\/div>\n<\/div>\n<\/div>\n\n\n\n<p><\/p>\n","protected":false},"excerpt":{"rendered":"<p>Eat in or take away Timetables The restaurant welcomes you for lunch and dinner, Monday to Friday. Possibility of reserving the restaurant on Saturday or Sunday lunchtime for groups. Privatization We welcome your family (wedding, birthday, baptism, etc.) or professional events (seminars, training) Reservation Phone: 03 83 82 41 33<\/p>\n","protected":false},"author":1,"featured_media":0,"parent":0,"menu_order":0,"comment_status":"closed","ping_status":"closed","template":"template-canvas-page.php","meta":{"footnotes":""},"class_list":["post-1470","page","type-page","status-publish","hentry"],"_links":{"self":[{"href":"https:\/\/auberge-desvoyageurs54.fr\/en\/wp-json\/wp\/v2\/pages\/1470","targetHints":{"allow":["GET"]}}],"collection":[{"href":"https:\/\/auberge-desvoyageurs54.fr\/en\/wp-json\/wp\/v2\/pages"}],"about":[{"href":"https:\/\/auberge-desvoyageurs54.fr\/en\/wp-json\/wp\/v2\/types\/page"}],"author":[{"embeddable":true,"href":"https:\/\/auberge-desvoyageurs54.fr\/en\/wp-json\/wp\/v2\/users\/1"}],"replies":[{"embeddable":true,"href":"https:\/\/auberge-desvoyageurs54.fr\/en\/wp-json\/wp\/v2\/comments?post=1470"}],"version-history":[{"count":28,"href":"https:\/\/auberge-desvoyageurs54.fr\/en\/wp-json\/wp\/v2\/pages\/1470\/revisions"}],"predecessor-version":[{"id":1960,"href":"https:\/\/auberge-desvoyageurs54.fr\/en\/wp-json\/wp\/v2\/pages\/1470\/revisions\/1960"}],"wp:attachment":[{"href":"https:\/\/auberge-desvoyageurs54.fr\/en\/wp-json\/wp\/v2\/media?parent=1470"}],"curies":[{"name":"wp","href":"https:\/\/api.w.org\/{rel}","templated":true}]}}